{"id":102,"date":"2007-01-14T19:19:06","date_gmt":"2007-01-14T18:19:06","guid":{"rendered":"http:\/\/jadeye.hu\/blog\/?page_id=102"},"modified":"2024-11-05T19:53:53","modified_gmt":"2024-11-05T18:53:53","slug":"jogi-informaciok","status":"publish","type":"page","link":"https:\/\/www.jadeye.hu\/blog\/jogi-informaciok\/","title":{"rendered":"Jogi inform\u00e1ci\u00f3k"},"content":{"rendered":"<p style=\"text-align: justify;\">Az oldal tartalm\u00e1nak teljes eg\u00e9sz\u00e9re vonatkoz\u00f3lag az 1999. \u00e9vi LXXVI. t\u00f6rv\u00e9ny alapj\u00e1n:<strong><br \/>\n\u00a91997-2024, K\u0151v\u00e1ri P\u00e9ter<\/strong><br \/>\nMinden jog fenntartva!<\/p>\n","protected":false},"excerpt":{"rendered":"<p>Az oldal tartalm\u00e1nak teljes eg\u00e9sz\u00e9re vonatkoz\u00f3lag az 1999. \u00e9vi LXXVI. t\u00f6rv\u00e9ny alapj\u00e1n: \u00a91997-2024, K\u0151v\u00e1ri P\u00e9ter Minden jog fenntartva!<\/p>\n","protected":false},"author":1,"featured_media":0,"parent":0,"menu_order":0,"comment_status":"closed","ping_status":"closed","template":"","meta":{"footnotes":""},"class_list":["post-102","page","type-page","status-publish","hentry"],"_links":{"self":[{"href":"https:\/\/www.jadeye.hu\/blog\/wp-json\/wp\/v2\/pages\/102","targetHints":{"allow":["GET"]}}],"collection":[{"href":"https:\/\/www.jadeye.hu\/blog\/wp-json\/wp\/v2\/pages"}],"about":[{"href":"https:\/\/www.jadeye.hu\/blog\/wp-json\/wp\/v2\/types\/page"}],"author":[{"embeddable":true,"href":"https:\/\/www.jadeye.hu\/blog\/wp-json\/wp\/v2\/users\/1"}],"replies":[{"embeddable":true,"href":"https:\/\/www.jadeye.hu\/blog\/wp-json\/wp\/v2\/comments?post=102"}],"version-history":[{"count":6,"href":"https:\/\/www.jadeye.hu\/blog\/wp-json\/wp\/v2\/pages\/102\/revisions"}],"predecessor-version":[{"id":3608,"href":"https:\/\/www.jadeye.hu\/blog\/wp-json\/wp\/v2\/pages\/102\/revisions\/3608"}],"wp:attachment":[{"href":"https:\/\/www.jadeye.hu\/blog\/wp-json\/wp\/v2\/media?parent=102"}],"curies":[{"name":"wp","href":"https:\/\/api.w.org\/{rel}","templated":true}]}}