{"id":2,"date":"2007-01-06T12:05:58","date_gmt":"2007-01-06T11:05:58","guid":{"rendered":"http:\/\/www.jadeye.hu\/blog\/impresszum\/"},"modified":"2017-04-09T21:13:53","modified_gmt":"2017-04-09T19:13:53","slug":"impresszum","status":"publish","type":"page","link":"https:\/\/www.jadeye.hu\/blog\/impresszum\/","title":{"rendered":"Impresszum &#8211; R\u00f3lam"},"content":{"rendered":"<p style=\"text-align: justify;\"><strong><span style=\"color: #3366ff;\">Ha az embernek nincs szoci\u00e1lis kapcsolata, mindenkihez pr\u00f3b\u00e1l besz\u00e9lni. Ebb\u0151l lesznek az utc\u00e1n motyog\u00f3 \u00f6regasszonyok, meg a bloggerek.<\/span><\/strong><\/p>\n<p style=\"text-align: justify;\">Ez az \u00e9n blogom, ahova azt \u00edrok, amit csak akarok, \u00e9s azt is \u00fagy \u00edrom meg, ahogy csak nekem tetszik. Leszoktam a blogol\u00e1sr\u00f3l, de egy-k\u00e9t fontos t\u00e9ma az\u00e9rt felker\u00fcl ide is.<\/p>\n<p style=\"text-align: justify;\">\n<p style=\"text-align: justify;\">Legink\u00e1bb az emberek viselked\u00e9se \u00e9s annak h\u00e1ttere foglalkoztat: kit mi \u00e9s mi\u00e9rt motiv\u00e1l egy adott helyzetben. Pr\u00f3b\u00e1lom meg\u00e9rteni a viselked\u00e9s\u00fcket. Mondhatni, hogy tal\u00e1n mindez k\u00f6zel\u00edt <em>valamennyire<\/em> a szociol\u00f3gi\u00e1hoz, szoci\u00e1lpszichol\u00f3gi\u00e1hoz, a kultur\u00e1lis antropol\u00f3gi\u00e1hoz, \u00e9s a hum\u00e1netol\u00f3gi\u00e1hoz.<\/p>\n<p style=\"text-align: justify;\">\n<p style=\"text-align: justify;\">Kontakt: <a href=\"http:\/\/twitter.com\/Jadeye_hu\" target=\"_blank\">@Jadeye_hu<\/a> (Twitter)<\/p>\n","protected":false},"excerpt":{"rendered":"<p>Ha az embernek nincs szoci\u00e1lis kapcsolata, mindenkihez pr\u00f3b\u00e1l besz\u00e9lni. Ebb\u0151l lesznek az utc\u00e1n motyog\u00f3 \u00f6regasszonyok, meg a bloggerek. Ez az \u00e9n blogom, ahova azt \u00edrok, amit csak akarok, \u00e9s azt is \u00fagy \u00edrom meg, ahogy csak nekem tetszik. Leszoktam a blogol\u00e1sr\u00f3l, de egy-k\u00e9t fontos t\u00e9ma az\u00e9rt felker\u00fcl ide is. Legink\u00e1bb [&hellip;]<\/p>\n","protected":false},"author":1,"featured_media":0,"parent":0,"menu_order":0,"comment_status":"closed","ping_status":"closed","template":"","meta":{"footnotes":""},"class_list":["post-2","page","type-page","status-publish","hentry"],"_links":{"self":[{"href":"https:\/\/www.jadeye.hu\/blog\/wp-json\/wp\/v2\/pages\/2","targetHints":{"allow":["GET"]}}],"collection":[{"href":"https:\/\/www.jadeye.hu\/blog\/wp-json\/wp\/v2\/pages"}],"about":[{"href":"https:\/\/www.jadeye.hu\/blog\/wp-json\/wp\/v2\/types\/page"}],"author":[{"embeddable":true,"href":"https:\/\/www.jadeye.hu\/blog\/wp-json\/wp\/v2\/users\/1"}],"replies":[{"embeddable":true,"href":"https:\/\/www.jadeye.hu\/blog\/wp-json\/wp\/v2\/comments?post=2"}],"version-history":[{"count":2,"href":"https:\/\/www.jadeye.hu\/blog\/wp-json\/wp\/v2\/pages\/2\/revisions"}],"predecessor-version":[{"id":3292,"href":"https:\/\/www.jadeye.hu\/blog\/wp-json\/wp\/v2\/pages\/2\/revisions\/3292"}],"wp:attachment":[{"href":"https:\/\/www.jadeye.hu\/blog\/wp-json\/wp\/v2\/media?parent=2"}],"curies":[{"name":"wp","href":"https:\/\/api.w.org\/{rel}","templated":true}]}}